{"id":6984,"date":"2016-06-06T15:09:41","date_gmt":"2016-06-06T14:09:41","guid":{"rendered":"https:\/\/www.seletech-equipement.com\/armoires-copy\/"},"modified":"2020-01-24T08:12:00","modified_gmt":"2020-01-24T07:12:00","slug":"coffrets","status":"publish","type":"page","link":"https:\/\/www.seletech-equipement.com\/es\/coffrets\/","title":{"rendered":"Coffrets"},"content":{"rendered":"<!--themify_builder_content-->\n<div id=\"themify_builder_content-6984\" data-postid=\"6984\" class=\"themify_builder_content themify_builder_content-6984 themify_builder tf_clear\">\n                    <div  data-lazy=\"1\" class=\"module_row themify_builder_row tb_t4m9899 tb_first tf_w\">\n                        <div class=\"row_inner col_align_top tb_col_count_1 tf_box tf_rel\">\n                        <div  data-lazy=\"1\" class=\"module_column tb-column col-full  tb_q56s400 first\">\n                            <div  data-lazy=\"1\" class=\"module_subrow themify_builder_sub_row tf_w col_align_top tb_col_count_2 tb_82ny188\">\n                <div  data-lazy=\"1\" class=\"module_column sub_column col4-1  tb_j8wl848 first\">\n                    <!-- module image -->\n<div  class=\"module module-image tb_exey587 image-top    tf_mw\" data-lazy=\"1\">\n        <div class=\"image-wrap tf_rel tf_mw\">\n            <img loading=\"lazy\" decoding=\"async\" width=\"200\" height=\"200\" src=\"https:\/\/www.seletech-equipement.com\/wp-content\/uploads\/2016\/06\/11.jpg\" class=\"wp-post-image wp-image-7197\" title=\"11\" alt=\"11\" srcset=\"https:\/\/www.seletech-equipement.com\/wp-content\/uploads\/2016\/06\/11.jpg 200w, https:\/\/www.seletech-equipement.com\/wp-content\/uploads\/2016\/06\/11-150x150.jpg 150w\" sizes=\"auto, (max-width: 200px) 100vw, 200px\" \/>    \n        <\/div>\n    <!-- \/image-wrap -->\n    \n        <\/div>\n<!-- \/module image -->        <\/div>\n                    <div  data-lazy=\"1\" class=\"module_column sub_column col4-3  tb_ufna816 last\">\n                    <!-- module text -->\n<div  class=\"module module-text tb_udys080   \" data-lazy=\"1\">\n    <h3 class=\"module-title\">Coffrets<\/h3>    <div  class=\"tb_text_wrap\">\n        <p>Seletech con\u00e7oit (PID, plans 3D, data sheets) et fabrique des coffrets d&#8217;\u00e9chantillonnage en inox pour le pr\u00e9l\u00e8vement de gaz ou de liquide sur vos process. Les coffrets d&#8217;\u00e9chantillonnage permettent la pr\u00e9paration du gaz pour les chromatographes ou la prise d&#8217;\u00e9chantillons.<\/p><p>Gamme de pression : atmosph\u00e9rique \u00e0 quelques bars<\/p><p>Gamme de temp\u00e9rature : -40 \u00e0 +95\u00b0C<\/p>    <\/div>\n<\/div>\n<!-- \/module text -->        <\/div>\n                    <\/div>\n        <!-- module divider -->\n<div  class=\"module tf_mw module-divider tb_gc5q880 solid   \" style=\"border-width: 1px;border-color: #c7c3c3;\" data-lazy=\"1\">\n    <\/div>\n<!-- \/module divider -->\n        <\/div>\n                        <\/div>\n        <\/div>\n        <\/div>\n<!--\/themify_builder_content-->","protected":false},"excerpt":{"rendered":"<p>Coffrets Seletech con\u00e7oit (PID, plans 3D, data sheets) et fabrique des coffrets d&#8217;\u00e9chantillonnage en inox pour le pr\u00e9l\u00e8vement de gaz ou de liquide sur vos process. Les coffrets d&#8217;\u00e9chantillonnage permettent la pr\u00e9paration du gaz pour les chromatographes ou la prise d&#8217;\u00e9chantillons. Gamme de pression : atmosph\u00e9rique \u00e0 quelques bars Gamme de temp\u00e9rature : -40 \u00e0 [&hellip;]<\/p>\n","protected":false},"author":1,"featured_media":0,"parent":0,"menu_order":0,"comment_status":"closed","ping_status":"closed","template":"","meta":{"footnotes":""},"class_list":["post-6984","page","type-page","status-publish","hentry","has-post-title","has-post-date","has-post-category","has-post-tag","has-post-comment","has-post-author",""],"yoast_head":"<!-- This site is optimized with the Yoast SEO plugin v27.5 - https:\/\/yoast.com\/product\/yoast-seo-wordpress\/ -->\n<title>Coffrets - Seletech Equipement<\/title>\n<meta name=\"robots\" content=\"index, follow, max-snippet:-1, max-image-preview:large, max-video-preview:-1\" \/>\n<link rel=\"canonical\" href=\"https:\/\/www.seletech-equipement.com\/es\/coffrets\/\" \/>\n<meta property=\"og:locale\" content=\"es_ES\" \/>\n<meta property=\"og:type\" content=\"article\" \/>\n<meta property=\"og:title\" content=\"Coffrets - Seletech Equipement\" \/>\n<meta property=\"og:description\" content=\"Coffrets Seletech con\u00e7oit (PID, plans 3D, data sheets) et fabrique des coffrets d&#8217;\u00e9chantillonnage en inox pour le pr\u00e9l\u00e8vement de gaz ou de liquide sur vos process. Les coffrets d&#8217;\u00e9chantillonnage permettent la pr\u00e9paration du gaz pour les chromatographes ou la prise d&#8217;\u00e9chantillons. Gamme de pression : atmosph\u00e9rique \u00e0 quelques bars Gamme de temp\u00e9rature : -40 \u00e0 [&hellip;]\" \/>\n<meta property=\"og:url\" content=\"https:\/\/www.seletech-equipement.com\/es\/coffrets\/\" \/>\n<meta property=\"og:site_name\" content=\"Seletech Equipement\" \/>\n<meta property=\"article:modified_time\" content=\"2020-01-24T07:12:00+00:00\" \/>\n<meta property=\"og:image\" content=\"https:\/\/www.seletech-equipement.com\/wp-content\/uploads\/2016\/06\/11.jpg\" \/>\n<meta name=\"twitter:card\" content=\"summary_large_image\" \/>\n<script type=\"application\/ld+json\" class=\"yoast-schema-graph\">{\"@context\":\"https:\\\/\\\/schema.org\",\"@graph\":[{\"@type\":\"WebPage\",\"@id\":\"https:\\\/\\\/www.seletech-equipement.com\\\/es\\\/coffrets\\\/\",\"url\":\"https:\\\/\\\/www.seletech-equipement.com\\\/es\\\/coffrets\\\/\",\"name\":\"Coffrets - Seletech Equipement\",\"isPartOf\":{\"@id\":\"https:\\\/\\\/www.seletech-equipement.com\\\/es\\\/#website\"},\"primaryImageOfPage\":{\"@id\":\"https:\\\/\\\/www.seletech-equipement.com\\\/es\\\/coffrets\\\/#primaryimage\"},\"image\":{\"@id\":\"https:\\\/\\\/www.seletech-equipement.com\\\/es\\\/coffrets\\\/#primaryimage\"},\"thumbnailUrl\":\"https:\\\/\\\/www.seletech-equipement.com\\\/wp-content\\\/uploads\\\/2016\\\/06\\\/11.jpg\",\"datePublished\":\"2016-06-06T14:09:41+00:00\",\"dateModified\":\"2020-01-24T07:12:00+00:00\",\"breadcrumb\":{\"@id\":\"https:\\\/\\\/www.seletech-equipement.com\\\/es\\\/coffrets\\\/#breadcrumb\"},\"inLanguage\":\"es\",\"potentialAction\":[{\"@type\":\"ReadAction\",\"target\":[\"https:\\\/\\\/www.seletech-equipement.com\\\/es\\\/coffrets\\\/\"]}]},{\"@type\":\"ImageObject\",\"inLanguage\":\"es\",\"@id\":\"https:\\\/\\\/www.seletech-equipement.com\\\/es\\\/coffrets\\\/#primaryimage\",\"url\":\"https:\\\/\\\/www.seletech-equipement.com\\\/wp-content\\\/uploads\\\/2016\\\/06\\\/11.jpg\",\"contentUrl\":\"https:\\\/\\\/www.seletech-equipement.com\\\/wp-content\\\/uploads\\\/2016\\\/06\\\/11.jpg\"},{\"@type\":\"BreadcrumbList\",\"@id\":\"https:\\\/\\\/www.seletech-equipement.com\\\/es\\\/coffrets\\\/#breadcrumb\",\"itemListElement\":[{\"@type\":\"ListItem\",\"position\":1,\"name\":\"Accueil\",\"item\":\"https:\\\/\\\/www.seletech-equipement.com\\\/es\\\/\"},{\"@type\":\"ListItem\",\"position\":2,\"name\":\"Coffrets\"}]},{\"@type\":\"WebSite\",\"@id\":\"https:\\\/\\\/www.seletech-equipement.com\\\/es\\\/#website\",\"url\":\"https:\\\/\\\/www.seletech-equipement.com\\\/es\\\/\",\"name\":\"Seletech Equipement\",\"description\":\"Skids Manufacturer\",\"potentialAction\":[{\"@type\":\"SearchAction\",\"target\":{\"@type\":\"EntryPoint\",\"urlTemplate\":\"https:\\\/\\\/www.seletech-equipement.com\\\/es\\\/?s={search_term_string}\"},\"query-input\":{\"@type\":\"PropertyValueSpecification\",\"valueRequired\":true,\"valueName\":\"search_term_string\"}}],\"inLanguage\":\"es\"}]}<\/script>\n<!-- \/ Yoast SEO plugin. -->","yoast_head_json":{"title":"Coffrets - Seletech Equipement","robots":{"index":"index","follow":"follow","max-snippet":"max-snippet:-1","max-image-preview":"max-image-preview:large","max-video-preview":"max-video-preview:-1"},"canonical":"https:\/\/www.seletech-equipement.com\/es\/coffrets\/","og_locale":"es_ES","og_type":"article","og_title":"Coffrets - Seletech Equipement","og_description":"Coffrets Seletech con\u00e7oit (PID, plans 3D, data sheets) et fabrique des coffrets d&#8217;\u00e9chantillonnage en inox pour le pr\u00e9l\u00e8vement de gaz ou de liquide sur vos process. Les coffrets d&#8217;\u00e9chantillonnage permettent la pr\u00e9paration du gaz pour les chromatographes ou la prise d&#8217;\u00e9chantillons. Gamme de pression : atmosph\u00e9rique \u00e0 quelques bars Gamme de temp\u00e9rature : -40 \u00e0 [&hellip;]","og_url":"https:\/\/www.seletech-equipement.com\/es\/coffrets\/","og_site_name":"Seletech Equipement","article_modified_time":"2020-01-24T07:12:00+00:00","og_image":[{"url":"https:\/\/www.seletech-equipement.com\/wp-content\/uploads\/2016\/06\/11.jpg","type":"","width":"","height":""}],"twitter_card":"summary_large_image","schema":{"@context":"https:\/\/schema.org","@graph":[{"@type":"WebPage","@id":"https:\/\/www.seletech-equipement.com\/es\/coffrets\/","url":"https:\/\/www.seletech-equipement.com\/es\/coffrets\/","name":"Coffrets - Seletech Equipement","isPartOf":{"@id":"https:\/\/www.seletech-equipement.com\/es\/#website"},"primaryImageOfPage":{"@id":"https:\/\/www.seletech-equipement.com\/es\/coffrets\/#primaryimage"},"image":{"@id":"https:\/\/www.seletech-equipement.com\/es\/coffrets\/#primaryimage"},"thumbnailUrl":"https:\/\/www.seletech-equipement.com\/wp-content\/uploads\/2016\/06\/11.jpg","datePublished":"2016-06-06T14:09:41+00:00","dateModified":"2020-01-24T07:12:00+00:00","breadcrumb":{"@id":"https:\/\/www.seletech-equipement.com\/es\/coffrets\/#breadcrumb"},"inLanguage":"es","potentialAction":[{"@type":"ReadAction","target":["https:\/\/www.seletech-equipement.com\/es\/coffrets\/"]}]},{"@type":"ImageObject","inLanguage":"es","@id":"https:\/\/www.seletech-equipement.com\/es\/coffrets\/#primaryimage","url":"https:\/\/www.seletech-equipement.com\/wp-content\/uploads\/2016\/06\/11.jpg","contentUrl":"https:\/\/www.seletech-equipement.com\/wp-content\/uploads\/2016\/06\/11.jpg"},{"@type":"BreadcrumbList","@id":"https:\/\/www.seletech-equipement.com\/es\/coffrets\/#breadcrumb","itemListElement":[{"@type":"ListItem","position":1,"name":"Accueil","item":"https:\/\/www.seletech-equipement.com\/es\/"},{"@type":"ListItem","position":2,"name":"Coffrets"}]},{"@type":"WebSite","@id":"https:\/\/www.seletech-equipement.com\/es\/#website","url":"https:\/\/www.seletech-equipement.com\/es\/","name":"Seletech Equipement","description":"Skids Manufacturer","potentialAction":[{"@type":"SearchAction","target":{"@type":"EntryPoint","urlTemplate":"https:\/\/www.seletech-equipement.com\/es\/?s={search_term_string}"},"query-input":{"@type":"PropertyValueSpecification","valueRequired":true,"valueName":"search_term_string"}}],"inLanguage":"es"}]}},"builder_content":"<img src=\"https:\/\/www.seletech-equipement.com\/wp-content\/uploads\/2016\/06\/11.jpg\" title=\"11\" alt=\"11\" srcset=\"https:\/\/www.seletech-equipement.com\/wp-content\/uploads\/2016\/06\/11.jpg 200w, https:\/\/www.seletech-equipement.com\/wp-content\/uploads\/2016\/06\/11-150x150.jpg 150w\" sizes=\"(max-width: 200px) 100vw, 200px\" \/>\n<h3>Coffrets<\/h3> <p>Seletech con\u00e7oit (PID, plans 3D, data sheets) et fabrique des coffrets d'\u00e9chantillonnage en inox pour le pr\u00e9l\u00e8vement de gaz ou de liquide sur vos process. Les coffrets d'\u00e9chantillonnage permettent la pr\u00e9paration du gaz pour les chromatographes ou la prise d'\u00e9chantillons.<\/p><p>Gamme de pression : atmosph\u00e9rique \u00e0 quelques bars<\/p><p>Gamme de temp\u00e9rature : -40 \u00e0 +95\u00b0C<\/p>\n","_links":{"self":[{"href":"https:\/\/www.seletech-equipement.com\/es\/wp-json\/wp\/v2\/pages\/6984","targetHints":{"allow":["GET"]}}],"collection":[{"href":"https:\/\/www.seletech-equipement.com\/es\/wp-json\/wp\/v2\/pages"}],"about":[{"href":"https:\/\/www.seletech-equipement.com\/es\/wp-json\/wp\/v2\/types\/page"}],"author":[{"embeddable":true,"href":"https:\/\/www.seletech-equipement.com\/es\/wp-json\/wp\/v2\/users\/1"}],"replies":[{"embeddable":true,"href":"https:\/\/www.seletech-equipement.com\/es\/wp-json\/wp\/v2\/comments?post=6984"}],"version-history":[{"count":7,"href":"https:\/\/www.seletech-equipement.com\/es\/wp-json\/wp\/v2\/pages\/6984\/revisions"}],"predecessor-version":[{"id":7427,"href":"https:\/\/www.seletech-equipement.com\/es\/wp-json\/wp\/v2\/pages\/6984\/revisions\/7427"}],"wp:attachment":[{"href":"https:\/\/www.seletech-equipement.com\/es\/wp-json\/wp\/v2\/media?parent=6984"}],"curies":[{"name":"wp","href":"https:\/\/api.w.org\/{rel}","templated":true}]}}